{"id":802,"date":"2026-03-07T18:45:39","date_gmt":"2026-03-07T15:45:39","guid":{"rendered":"https:\/\/www.riyaziyeci.com\/?page_id=802"},"modified":"2026-03-07T19:40:06","modified_gmt":"2026-03-07T16:40:06","slug":"cevrim-ici-ders-randevusu","status":"publish","type":"page","link":"https:\/\/www.riyaziyeci.com\/?page_id=802","title":{"rendered":"\u00c7EVR\u0130M \u0130\u00c7\u0130 DERS RANDEVUSU"},"content":{"rendered":"","protected":false},"excerpt":{"rendered":"","protected":false},"author":1,"featured_media":0,"parent":0,"menu_order":0,"comment_status":"closed","ping_status":"closed","template":"","meta":{"footnotes":""},"class_list":["post-802","page","type-page","status-publish","hentry"],"_links":{"self":[{"href":"https:\/\/www.riyaziyeci.com\/index.php?rest_route=\/wp\/v2\/pages\/802","targetHints":{"allow":["GET"]}}],"collection":[{"href":"https:\/\/www.riyaziyeci.com\/index.php?rest_route=\/wp\/v2\/pages"}],"about":[{"href":"https:\/\/www.riyaziyeci.com\/index.php?rest_route=\/wp\/v2\/types\/page"}],"author":[{"embeddable":true,"href":"https:\/\/www.riyaziyeci.com\/index.php?rest_route=\/wp\/v2\/users\/1"}],"replies":[{"embeddable":true,"href":"https:\/\/www.riyaziyeci.com\/index.php?rest_route=%2Fwp%2Fv2%2Fcomments&post=802"}],"version-history":[{"count":2,"href":"https:\/\/www.riyaziyeci.com\/index.php?rest_route=\/wp\/v2\/pages\/802\/revisions"}],"predecessor-version":[{"id":809,"href":"https:\/\/www.riyaziyeci.com\/index.php?rest_route=\/wp\/v2\/pages\/802\/revisions\/809"}],"wp:attachment":[{"href":"https:\/\/www.riyaziyeci.com\/index.php?rest_route=%2Fwp%2Fv2%2Fmedia&parent=802"}],"curies":[{"name":"wp","href":"https:\/\/api.w.org\/{rel}","templated":true}]}}